{"id":3781,"date":"2024-03-18T16:50:28","date_gmt":"2024-03-18T15:50:28","guid":{"rendered":"https:\/\/ekoholdrent.hr\/?page_id=3781"},"modified":"2024-03-18T16:51:33","modified_gmt":"2024-03-18T15:51:33","slug":"potvrda-zahtjeva-rezervacije","status":"publish","type":"page","link":"https:\/\/ekoholdrent.hr\/hr\/potvrda-zahtjeva-rezervacije\/","title":{"rendered":"Potvrda zahtjeva rezervacije"},"content":{"rendered":"<div class=\"wpb-content-wrapper\"><p>[vc_row][vc_column][vc_empty_space height=&#8221;45&#8243;][vc_column_text]<\/p>\n<h3 style=\"text-align: center;\">Va\u0161a <strong>rezervacija je zaprimljena, hvala!<\/strong><\/h3>\n<p>[\/vc_column_text][vc_column_text]<\/p>\n<p style=\"text-align: center;\">Va\u0161a <strong>rezervacija je zaprimljena<\/strong> te je na kontakt email poslana slu\u017ebena ponuda za pla\u0107anje.<\/p>\n<p style=\"text-align: center;\">Booking je potvr\u0111en tek po vidljivoj uplati na na\u0161em ra\u010dunu.<\/p>\n<p>&nbsp;<\/p>\n<p style=\"text-align: center;\">Za sve dodatne informacije molimo da nas kontaktirate na info@ekoholdrent.hr ili na +385(0)98 9426 021<\/p>\n<p>&nbsp;<\/p>\n<p style=\"text-align: center;\">Va\u0161 EKOHOLD RENT d.o.o.<\/p>\n<p style=\"text-align: center;\">www.ekoholdrent.hr<\/p>\n<p>[\/vc_column_text][\/vc_column][\/vc_row]<\/p>\n<\/div>","protected":false},"excerpt":{"rendered":"<p>[vc_row][vc_column][vc_empty_space height=&#8221;45&#8243;][vc_column_text] Va\u0161a rezervacija je zaprimljena, hvala! [\/vc_column_text][vc_column_text] Va\u0161a rezervacija je zaprimljena te je na kontakt email poslana slu\u017ebena ponuda&#8230;<\/p>\n","protected":false},"author":1,"featured_media":0,"parent":0,"menu_order":0,"comment_status":"closed","ping_status":"closed","template":"","meta":{"_acf_changed":false,"footnotes":""},"class_list":["post-3781","page","type-page","status-publish"],"acf":[],"_links":{"self":[{"href":"https:\/\/ekoholdrent.hr\/hr\/wp-json\/wp\/v2\/pages\/3781","targetHints":{"allow":["GET"]}}],"collection":[{"href":"https:\/\/ekoholdrent.hr\/hr\/wp-json\/wp\/v2\/pages"}],"about":[{"href":"https:\/\/ekoholdrent.hr\/hr\/wp-json\/wp\/v2\/types\/page"}],"author":[{"embeddable":true,"href":"https:\/\/ekoholdrent.hr\/hr\/wp-json\/wp\/v2\/users\/1"}],"replies":[{"embeddable":true,"href":"https:\/\/ekoholdrent.hr\/hr\/wp-json\/wp\/v2\/comments?post=3781"}],"version-history":[{"count":3,"href":"https:\/\/ekoholdrent.hr\/hr\/wp-json\/wp\/v2\/pages\/3781\/revisions"}],"predecessor-version":[{"id":3784,"href":"https:\/\/ekoholdrent.hr\/hr\/wp-json\/wp\/v2\/pages\/3781\/revisions\/3784"}],"wp:attachment":[{"href":"https:\/\/ekoholdrent.hr\/hr\/wp-json\/wp\/v2\/media?parent=3781"}],"curies":[{"name":"wp","href":"https:\/\/api.w.org\/{rel}","templated":true}]}}